{"id":307,"date":"2017-02-17T09:25:58","date_gmt":"2017-02-17T09:25:58","guid":{"rendered":"https:\/\/xml-io.proteusthemes.com\/medicpress\/?page_id=307"},"modified":"2025-05-07T20:25:39","modified_gmt":"2025-05-07T23:25:39","slug":"relacionamentosabusivos","status":"publish","type":"page","link":"https:\/\/renatalutz.com.br\/index.php\/departments\/relacionamentosabusivos\/","title":{"rendered":"Relacionamentos Abusivos"},"content":{"rendered":"<div id=\"pl-307\"  class=\"panel-layout\" ><div id=\"pg-307-0\"  class=\"panel-grid panel-no-style\" ><div id=\"pgc-307-0-0\"  class=\"panel-grid-cell\" ><div id=\"panel-307-0-0-0\" class=\"so-panel widget widget_sow-editor panel-first-child panel-last-child\" data-index=\"0\" ><div\n\t\t\t\n\t\t\tclass=\"so-widget-sow-editor so-widget-sow-editor-base\"\n\t\t\t\n\t\t>\n<div class=\"siteorigin-widget-tinymce textwidget\">\n\t<h3><\/h3>\n<p class=\"\" data-start=\"140\" data-end=\"425\">Relacionamentos abusivos nem sempre come\u00e7am com viol\u00eancia \u2014 muitas vezes, o controle, a manipula\u00e7\u00e3o e o medo se instalam de forma sutil. A pessoa se v\u00ea presa em um ciclo de culpa, promessas de mudan\u00e7a e esperan\u00e7as frustradas. Sair desse ciclo pode parecer imposs\u00edvel, mas <strong><em data-start=\"412\" data-end=\"424\">\u00e9 poss\u00edvel<\/em>.<\/strong><\/p>\n<p class=\"\" data-start=\"427\" data-end=\"723\">A terapia oferece um espa\u00e7o seguro para compreender o que est\u00e1 acontecendo, resgatar sua autoestima e reconstruir seus limites. Com apoio psicol\u00f3gico, \u00e9 poss\u00edvel reconhecer padr\u00f5es, fortalecer-se emocionalmente e encontrar caminhos reais para uma vida com mais liberdade, respeito e amor-pr\u00f3prio.<\/p>\n<p class=\"\" data-start=\"725\" data-end=\"789\">Voc\u00ea n\u00e3o est\u00e1 sozinha(o)!<\/p>\n<p data-start=\"725\" data-end=\"789\">Estou aqui para te ajudar!<\/p>\n<p data-start=\"725\" data-end=\"789\"><strong>Agende seu hor\u00e1rio!<\/strong><\/p>\n<\/div>\n<\/div><\/div><\/div><div id=\"pgc-307-0-1\"  class=\"panel-grid-cell\" ><div id=\"panel-307-0-1-0\" class=\"so-panel widget widget_sow-editor panel-first-child panel-last-child\" data-index=\"1\" ><div\n\t\t\t\n\t\t\tclass=\"so-widget-sow-editor so-widget-sow-editor-base\"\n\t\t\t\n\t\t>\n<div class=\"siteorigin-widget-tinymce textwidget\">\n\t<p><img loading=\"lazy\" decoding=\"async\" class=\"alignnone size-medium wp-image-1167\" src=\"http:\/\/renatalutz.com.br\/wp-content\/uploads\/2021\/11\/Analise-Corporal-site-300x167.png\" alt=\"\" width=\"300\" height=\"167\" srcset=\"https:\/\/renatalutz.com.br\/wp-content\/uploads\/2021\/11\/Analise-Corporal-site-300x167.png 300w, https:\/\/renatalutz.com.br\/wp-content\/uploads\/2021\/11\/Analise-Corporal-site-1024x569.png 1024w, https:\/\/renatalutz.com.br\/wp-content\/uploads\/2021\/11\/Analise-Corporal-site-768x427.png 768w, https:\/\/renatalutz.com.br\/wp-content\/uploads\/2021\/11\/Analise-Corporal-site.png 1080w\" sizes=\"auto, (max-width: 300px) 100vw, 300px\" \/><\/p>\n<\/div>\n<\/div><\/div><\/div><\/div><div id=\"pg-307-1\"  class=\"panel-grid panel-no-style\" ><div id=\"pgc-307-1-0\"  class=\"panel-grid-cell panel-grid-cell-empty panel-grid-cell-mobile-last\" ><\/div><div id=\"pgc-307-1-1\"  class=\"panel-grid-cell panel-grid-cell-empty\" ><\/div><\/div><div id=\"pg-307-2\"  class=\"panel-grid panel-no-style\" ><div id=\"pgc-307-2-0\"  class=\"panel-grid-cell\" ><div id=\"panel-307-2-0-0\" class=\"so-panel widget widget_sow-editor panel-first-child panel-last-child\" data-index=\"2\" ><div\n\t\t\t\n\t\t\tclass=\"so-widget-sow-editor so-widget-sow-editor-base\"\n\t\t\t\n\t\t>\n<div class=\"siteorigin-widget-tinymce textwidget\">\n\t<h3>Como a terapia pode ajudar?<\/h3>\n<p>A terapia \u00e9 um espa\u00e7o de acolhimento, escuta e reconstru\u00e7\u00e3o. Em um relacionamento abusivo, a autoestima \u00e9 frequentemente abalada, os limites pessoais s\u00e3o ultrapassados, e a pr\u00f3pria percep\u00e7\u00e3o da realidade pode ficar distorcida. O processo terap\u00eautico ajuda voc\u00ea a:<\/p>\n<p>Reconhecer os sinais do abuso e compreender suas din\u00e2micas;<br \/>\nFortalecer sua autoestima, sua autonomia emocional e identidade;<br \/>\nRomper com padr\u00f5es de depend\u00eancia afetiva e culpa;<br \/>\nConstruir estrat\u00e9gias para sair do relacionamento de forma segura, respeitando seu tempo e seus sentimentos;<br \/>\nTrabalhar o luto da rela\u00e7\u00e3o, reconstruindo sua vida com base no autocuidado e no amor-pr\u00f3prio;<br \/>\nE, acima de tudo, retomar o poder sobre suas escolhas.<br \/>\nA mudan\u00e7a come\u00e7a quando voc\u00ea escolhe se priorizar. A terapia pode ser o primeiro passo nessa jornada de liberta\u00e7\u00e3o e cura.<\/p>\n<\/div>\n<\/div><\/div><\/div><\/div><div id=\"pg-307-3\"  class=\"panel-grid panel-no-style\" ><div id=\"pgc-307-3-0\"  class=\"panel-grid-cell\" ><div id=\"panel-307-3-0-0\" class=\"so-panel widget widget_sow-editor panel-first-child panel-last-child\" data-index=\"3\" ><div\n\t\t\t\n\t\t\tclass=\"so-widget-sow-editor so-widget-sow-editor-base\"\n\t\t\t\n\t\t>\n<div class=\"siteorigin-widget-tinymce textwidget\">\n\t<\/div>\n<\/div><\/div><\/div><\/div><div id=\"pg-307-4\"  class=\"panel-grid panel-no-style\" ><div id=\"pgc-307-4-0\"  class=\"panel-grid-cell\" ><div id=\"panel-307-4-0-0\" class=\"so-panel widget widget_sow-editor panel-first-child panel-last-child\" data-index=\"4\" ><div class=\"panel-widget-style panel-widget-style-for-307-4-0-0\" ><div\n\t\t\t\n\t\t\tclass=\"so-widget-sow-editor so-widget-sow-editor-base\"\n\t\t\t\n\t\t>\n<div class=\"siteorigin-widget-tinymce textwidget\">\n\t<hr \/>\n<p>\u00a0<\/p>\n<\/div>\n<\/div><\/div><\/div><\/div><\/div><\/div>","protected":false},"excerpt":{"rendered":"<p>Relacionamentos abusivos nem sempre come\u00e7am com viol\u00eancia \u2014 muitas vezes, o controle, a manipula\u00e7\u00e3o e o medo se instalam de forma sutil. A pessoa se v\u00ea presa em um ciclo de culpa, promessas de mudan\u00e7a e esperan\u00e7as frustradas. Sair desse ciclo pode parecer imposs\u00edvel, mas \u00e9 poss\u00edvel. A terapia oferece um espa\u00e7o seguro para compreender &hellip;<\/p>\n","protected":false},"author":1,"featured_media":1428,"parent":116,"menu_order":0,"comment_status":"closed","ping_status":"closed","template":"","meta":{"_acf_changed":false,"_joinchat":[],"footnotes":""},"class_list":{"0":"post-307","1":"page","2":"type-page","3":"status-publish","4":"has-post-thumbnail","6":"clearfix","7":"article"},"acf":[],"_links":{"self":[{"href":"https:\/\/renatalutz.com.br\/index.php\/wp-json\/wp\/v2\/pages\/307","targetHints":{"allow":["GET"]}}],"collection":[{"href":"https:\/\/renatalutz.com.br\/index.php\/wp-json\/wp\/v2\/pages"}],"about":[{"href":"https:\/\/renatalutz.com.br\/index.php\/wp-json\/wp\/v2\/types\/page"}],"author":[{"embeddable":true,"href":"https:\/\/renatalutz.com.br\/index.php\/wp-json\/wp\/v2\/users\/1"}],"replies":[{"embeddable":true,"href":"https:\/\/renatalutz.com.br\/index.php\/wp-json\/wp\/v2\/comments?post=307"}],"version-history":[{"count":13,"href":"https:\/\/renatalutz.com.br\/index.php\/wp-json\/wp\/v2\/pages\/307\/revisions"}],"predecessor-version":[{"id":1429,"href":"https:\/\/renatalutz.com.br\/index.php\/wp-json\/wp\/v2\/pages\/307\/revisions\/1429"}],"up":[{"embeddable":true,"href":"https:\/\/renatalutz.com.br\/index.php\/wp-json\/wp\/v2\/pages\/116"}],"wp:featuredmedia":[{"embeddable":true,"href":"https:\/\/renatalutz.com.br\/index.php\/wp-json\/wp\/v2\/media\/1428"}],"wp:attachment":[{"href":"https:\/\/renatalutz.com.br\/index.php\/wp-json\/wp\/v2\/media?parent=307"}],"curies":[{"name":"wp","href":"https:\/\/api.w.org\/{rel}","templated":true}]}}