{"id":305,"date":"2017-02-17T09:25:34","date_gmt":"2017-02-17T09:25:34","guid":{"rendered":"https:\/\/xml-io.proteusthemes.com\/medicpress\/?page_id=305"},"modified":"2025-05-07T21:24:39","modified_gmt":"2025-05-08T00:24:39","slug":"palestrasparaempresas","status":"publish","type":"page","link":"https:\/\/renatalutz.com.br\/index.php\/departments\/palestrasparaempresas\/","title":{"rendered":"Palestras para Empresas"},"content":{"rendered":"<div id=\"pl-305\"  class=\"panel-layout\" ><div id=\"pg-305-0\"  class=\"panel-grid panel-no-style\" ><div id=\"pgc-305-0-0\"  class=\"panel-grid-cell\" ><div id=\"panel-305-0-0-0\" class=\"so-panel widget widget_sow-editor panel-first-child panel-last-child\" data-index=\"0\" ><div\n\t\t\t\n\t\t\tclass=\"so-widget-sow-editor so-widget-sow-editor-base\"\n\t\t\t\n\t\t>\n<div class=\"siteorigin-widget-tinymce textwidget\">\n\t<h3><img loading=\"lazy\" decoding=\"async\" class=\"size-medium wp-image-1050 aligncenter\" src=\"https:\/\/renatalutz.com.br\/wp-content\/uploads\/2020\/10\/Palestra-158x300.jpeg\" alt=\"\" width=\"158\" height=\"300\" srcset=\"https:\/\/renatalutz.com.br\/wp-content\/uploads\/2020\/10\/Palestra-158x300.jpeg 158w, https:\/\/renatalutz.com.br\/wp-content\/uploads\/2020\/10\/Palestra-541x1024.jpeg 541w, https:\/\/renatalutz.com.br\/wp-content\/uploads\/2020\/10\/Palestra.jpeg 676w\" sizes=\"auto, (max-width: 158px) 100vw, 158px\" \/><\/h3>\n<h3 class=\"\" data-start=\"162\" data-end=\"194\"><strong data-start=\"166\" data-end=\"192\">Palestras Corporativas<\/strong><\/h3>\n<p class=\"\" data-start=\"195\" data-end=\"267\">Cuidar das pessoas \u00e9 investir diretamente no crescimento da sua empresa.<\/p>\n<p class=\"\" data-start=\"269\" data-end=\"549\">A qualidade de vida dos colaboradores est\u00e1 diretamente ligada ao desempenho profissional, \u00e0 motiva\u00e7\u00e3o e ao clima organizacional. Quest\u00f5es como <strong data-start=\"412\" data-end=\"483\">relacionamentos, sexualidade, sa\u00fade emocional e equil\u00edbrio familiar<\/strong> afetam o dia a dia de forma profunda \u2014 e muitas vezes silenciosa.<\/p>\n<p class=\"\" data-start=\"551\" data-end=\"777\">Minhas palestras corporativas s\u00e3o desenvolvidas para abordar esses temas de maneira <strong data-start=\"635\" data-end=\"667\">clara, objetiva e acolhedora<\/strong>, ajudando a ampliar o conhecimento, quebrar mitos e promover reflex\u00f5es importantes no ambiente de trabalho.<\/p>\n<p class=\"\" data-start=\"779\" data-end=\"963\">Tudo \u00e9 pensado de forma personalizada, considerando o perfil da empresa e a realidade da equipe, com o objetivo de <strong data-start=\"894\" data-end=\"962\">melhorar a performance, fortalecer v\u00ednculos e promover bem-estar<\/strong>.<\/p>\n<p class=\"\" data-start=\"965\" data-end=\"1094\">Se voc\u00ea deseja oferecer \u00e0 sua equipe conte\u00fados relevantes, din\u00e2micos e transformadores, entre em contato e solicite um or\u00e7amento:<\/p>\n<p class=\"\" data-start=\"1096\" data-end=\"1118\">\ud83d\udcde <strong data-start=\"1099\" data-end=\"1118\">(11) 99919-0979<\/strong><\/p>\n<p class=\"\" data-start=\"1120\" data-end=\"1179\">Vamos juntos transformar conhecimento em qualidade de vida!<\/p>\n<\/div>\n<\/div><\/div><\/div><div id=\"pgc-305-0-1\"  class=\"panel-grid-cell\" ><div id=\"panel-305-0-1-0\" class=\"so-panel widget widget_sow-editor panel-first-child panel-last-child\" data-index=\"1\" ><div\n\t\t\t\n\t\t\tclass=\"so-widget-sow-editor so-widget-sow-editor-base\"\n\t\t\t\n\t\t>\n<div class=\"siteorigin-widget-tinymce textwidget\">\n\t<p>&nbsp;<\/p>\n<p><img loading=\"lazy\" decoding=\"async\" class=\"size-medium wp-image-1275 aligncenter\" src=\"http:\/\/renatalutz.com.br\/wp-content\/uploads\/2022\/03\/palestraboa-300x233.jpeg\" alt=\"\" width=\"300\" height=\"233\" srcset=\"https:\/\/renatalutz.com.br\/wp-content\/uploads\/2022\/03\/palestraboa-300x233.jpeg 300w, https:\/\/renatalutz.com.br\/wp-content\/uploads\/2022\/03\/palestraboa-1024x794.jpeg 1024w, https:\/\/renatalutz.com.br\/wp-content\/uploads\/2022\/03\/palestraboa-768x595.jpeg 768w, https:\/\/renatalutz.com.br\/wp-content\/uploads\/2022\/03\/palestraboa.jpeg 1242w\" sizes=\"auto, (max-width: 300px) 100vw, 300px\" \/><\/p>\n<\/div>\n<\/div><\/div><\/div><\/div><div id=\"pg-305-1\"  class=\"panel-grid panel-no-style\" ><div id=\"pgc-305-1-0\"  class=\"panel-grid-cell\" ><div id=\"panel-305-1-0-0\" class=\"so-panel widget widget_sow-editor panel-first-child panel-last-child\" data-index=\"2\" ><div\n\t\t\t\n\t\t\tclass=\"so-widget-sow-editor so-widget-sow-editor-base\"\n\t\t\t\n\t\t>\n<div class=\"siteorigin-widget-tinymce textwidget\">\n\t<hr \/>\n<p>\u00a0<\/p>\n<\/div>\n<\/div><\/div><\/div><\/div><div id=\"pg-305-2\"  class=\"panel-grid panel-no-style\" ><div id=\"pgc-305-2-0\"  class=\"panel-grid-cell\" ><div id=\"panel-305-2-0-0\" class=\"so-panel widget widget_sow-editor panel-first-child panel-last-child\" data-index=\"3\" ><div\n\t\t\t\n\t\t\tclass=\"so-widget-sow-editor so-widget-sow-editor-base\"\n\t\t\t\n\t\t>\n<div class=\"siteorigin-widget-tinymce textwidget\">\n\t<h3>Palestras, Workshops e A\u00e7\u00f5es Corporativas<\/h3>\n<p>A sa\u00fade emocional e a qualidade dos relacionamentos no ambiente de trabalho impactam diretamente no bem-estar, engajamento e desempenho das equipes. Por isso, ofere\u00e7o palestras, workshops e forma\u00e7\u00f5es personalizados para empresas que desejam promover um ambiente mais saud\u00e1vel, respeitoso e produtivo.<\/p>\n<p>Os conte\u00fados s\u00e3o desenvolvidos de acordo com a realidade e as necessidades da sua empresa, abordando temas relevantes como:<\/p>\n<p>Intelig\u00eancia emocional e comunica\u00e7\u00e3o assertiva<br \/>\nPreven\u00e7\u00e3o e enfrentamento de ass\u00e9dio moral e sexual<br \/>\nRela\u00e7\u00f5es interpessoais e clima organizacional<br \/>\nSa\u00fade mental no ambiente de trabalho<br \/>\nSexualidade, diversidade e respeito<br \/>\nEquil\u00edbrio entre vida pessoal e profissional<br \/>\nViol\u00eancia dom\u00e9stica e seus impactos no trabalho<br \/>\nCom uma abordagem acolhedora, din\u00e2mica e baseada em evid\u00eancias, \u00e9 poss\u00edvel criar espa\u00e7os seguros de reflex\u00e3o e at\u00e9 trabalhar temas delicados que interferem direta ou indiretamente na performance da equipe.<\/p>\n<p>Ao investir em a\u00e7\u00f5es de sa\u00fade emocional, sua empresa demonstra cuidado com as pessoas \u2014 e isso faz toda a diferen\u00e7a.<\/p>\n<p>Entre em contato para construir, juntos, uma proposta sob medida para a sua equipe!<\/p>\n<\/div>\n<\/div><\/div><\/div><div id=\"pgc-305-2-1\"  class=\"panel-grid-cell\" ><div id=\"panel-305-2-1-0\" class=\"so-panel widget widget_sow-editor panel-first-child panel-last-child\" data-index=\"4\" ><div\n\t\t\t\n\t\t\tclass=\"so-widget-sow-editor so-widget-sow-editor-base\"\n\t\t\t\n\t\t>\n<div class=\"siteorigin-widget-tinymce textwidget\">\n\t<p><img loading=\"lazy\" decoding=\"async\" class=\"size-medium wp-image-1276 aligncenter\" src=\"http:\/\/renatalutz.com.br\/wp-content\/uploads\/2022\/03\/IMG_7225-300x300.png\" alt=\"\" width=\"300\" height=\"300\" srcset=\"https:\/\/renatalutz.com.br\/wp-content\/uploads\/2022\/03\/IMG_7225-300x300.png 300w, https:\/\/renatalutz.com.br\/wp-content\/uploads\/2022\/03\/IMG_7225-1024x1024.png 1024w, https:\/\/renatalutz.com.br\/wp-content\/uploads\/2022\/03\/IMG_7225-150x150.png 150w, https:\/\/renatalutz.com.br\/wp-content\/uploads\/2022\/03\/IMG_7225-768x768.png 768w, https:\/\/renatalutz.com.br\/wp-content\/uploads\/2022\/03\/IMG_7225.png 1080w\" sizes=\"auto, (max-width: 300px) 100vw, 300px\" \/><\/p>\n<\/div>\n<\/div><\/div><\/div><\/div><div id=\"pg-305-3\"  class=\"panel-grid panel-no-style\" ><div id=\"pgc-305-3-0\"  class=\"panel-grid-cell\" ><div id=\"panel-305-3-0-0\" class=\"so-panel widget widget_sow-editor panel-first-child panel-last-child\" data-index=\"5\" ><div\n\t\t\t\n\t\t\tclass=\"so-widget-sow-editor so-widget-sow-editor-base\"\n\t\t\t\n\t\t>\n<div class=\"siteorigin-widget-tinymce textwidget\">\n\t<hr \/>\n<p>\u00a0<\/p>\n<\/div>\n<\/div><\/div><\/div><\/div><div id=\"pg-305-4\"  class=\"panel-grid panel-no-style\" ><div id=\"pgc-305-4-0\"  class=\"panel-grid-cell\" ><div id=\"panel-305-4-0-0\" class=\"so-panel widget widget_sow-editor panel-first-child panel-last-child\" data-index=\"6\" ><div\n\t\t\t\n\t\t\tclass=\"so-widget-sow-editor so-widget-sow-editor-base\"\n\t\t\t\n\t\t>\n<div class=\"siteorigin-widget-tinymce textwidget\">\n\t<h3 class=\"\" data-start=\"157\" data-end=\"196\"><strong data-start=\"161\" data-end=\"194\">Palestras para a Semana SIPAT<\/strong><\/h3>\n<p class=\"\" data-start=\"197\" data-end=\"265\">Transforme a sua SIPAT em uma experi\u00eancia marcante e transformadora!<\/p>\n<p class=\"\" data-start=\"267\" data-end=\"596\">A Semana Interna de Preven\u00e7\u00e3o de Acidentes do Trabalho (SIPAT) \u00e9 uma excelente oportunidade para ampliar o cuidado com a sa\u00fade f\u00edsica, emocional e relacional dos colaboradores. E isso vai muito al\u00e9m da preven\u00e7\u00e3o de acidentes: \u00e9 tamb\u00e9m sobre qualidade de vida, bem-estar e rela\u00e7\u00f5es saud\u00e1veis dentro e fora do ambiente corporativo.<\/p>\n<p class=\"\" data-start=\"598\" data-end=\"749\">Ofere\u00e7o <strong data-start=\"606\" data-end=\"659\">palestras din\u00e2micas, interativas e personalizadas<\/strong> para a SIPAT, com temas que abordam de forma leve, acess\u00edvel e informativa assuntos como:<\/p>\n<ul data-start=\"751\" data-end=\"1066\">\n<li class=\"\" data-start=\"751\" data-end=\"810\">\n<p class=\"\" data-start=\"753\" data-end=\"810\">Relacionamentos saud\u00e1veis no trabalho e na vida pessoal<\/p>\n<\/li>\n<li class=\"\" data-start=\"811\" data-end=\"858\">\n<p class=\"\" data-start=\"813\" data-end=\"858\">Sexualidade com responsabilidade e respeito<\/p>\n<\/li>\n<li class=\"\" data-start=\"859\" data-end=\"908\">\n<p class=\"\" data-start=\"861\" data-end=\"908\">Preven\u00e7\u00e3o de ass\u00e9dio e viol\u00eancia nas rela\u00e7\u00f5es<\/p>\n<\/li>\n<li class=\"\" data-start=\"909\" data-end=\"975\">\n<p class=\"\" data-start=\"911\" data-end=\"975\">Sa\u00fade emocional e equil\u00edbrio entre vida pessoal e profissional<\/p>\n<\/li>\n<li class=\"\" data-start=\"976\" data-end=\"1021\">\n<p class=\"\" data-start=\"978\" data-end=\"1021\">Comunica\u00e7\u00e3o afetiva e empatia nas equipes<\/p>\n<\/li>\n<li class=\"\" data-start=\"1022\" data-end=\"1066\">\n<p class=\"\" data-start=\"1024\" data-end=\"1066\">Fam\u00edlia, v\u00ednculos e conviv\u00eancia saud\u00e1vel<\/p>\n<\/li>\n<\/ul>\n<p class=\"\" data-start=\"1068\" data-end=\"1314\">Todos os conte\u00fados s\u00e3o pensados <strong data-start=\"1100\" data-end=\"1141\">de acordo com o perfil da sua empresa<\/strong>, com a possibilidade de incluir <strong data-start=\"1174\" data-end=\"1202\">din\u00e2micas participativas<\/strong> e materiais de apoio, tornando sua SIPAT ainda mais relevante, envolvente e inesquec\u00edvel para os colaboradores.<\/p>\n<p class=\"\" data-start=\"1316\" data-end=\"1472\"><strong data-start=\"1316\" data-end=\"1414\">Fa\u00e7a da sua SIPAT um verdadeiro sucesso \u2014 e um momento de transforma\u00e7\u00e3o na cultura do cuidado!<\/strong><br data-start=\"1414\" data-end=\"1417\" \/>Entre em contato e solicite uma proposta personalizada.<\/p>\n<hr class=\"\" data-start=\"1474\" data-end=\"1477\" \/>\n<\/div>\n<\/div><\/div><\/div><div id=\"pgc-305-4-1\"  class=\"panel-grid-cell\" ><div id=\"panel-305-4-1-0\" class=\"so-panel widget widget_pw_latest_news widget-latest-news panel-first-child panel-last-child\" data-index=\"7\" >\n\t\t\t<div class=\"latest-news__container\">\n\t\t\t\t\t\t\t<a href=\"https:\/\/renatalutz.com.br\/index.php\/2025\/05\/27\/divorcio-cinza-quando-o-fim-chega-na-maturidade\/\" class=\"latest-news  latest-news--inline\">\n\t\t\t\t\t<div class=\"latest-news__content\">\n\t\t\t\t\t\t<time class=\"latest-news__date\" datetime=\"2025-05-27T18:24:58-03:00\">\n\t\t\t\t\t\t\t27 de maio de 2025\t\t\t\t\t\t<\/time>\n\t\t\t\t\t\t<h2 class=\"latest-news__title\">Div\u00f3rcio Cinza: Quando o Fim Chega na Maturidade<\/h2>\n\t\t\t\t\t<\/div>\n\t\t\t\t<\/a>\n\t\t\t\t\t\t\t<a href=\"https:\/\/renatalutz.com.br\/index.php\/2025\/05\/07\/entender-a-forma-que-o-outro-expressa-o-amor-pode-mudar-o-seu-relacionamento\/\" class=\"latest-news  latest-news--inline\">\n\t\t\t\t\t<div class=\"latest-news__content\">\n\t\t\t\t\t\t<time class=\"latest-news__date\" datetime=\"2025-05-07T15:22:41-03:00\">\n\t\t\t\t\t\t\t7 de maio de 2025\t\t\t\t\t\t<\/time>\n\t\t\t\t\t\t<h2 class=\"latest-news__title\">Entender a forma que o outro expressa o amor pode mudar o seu relacionamento!<\/h2>\n\t\t\t\t\t<\/div>\n\t\t\t\t<\/a>\n\t\t\t\t\t\t\t<a href=\"https:\/\/renatalutz.com.br\/index.php\/2025\/03\/21\/a-terapia-de-casal-pode-fazer-toda-a-diferenca-no-seu-relacionamento\/\" class=\"latest-news  latest-news--inline\">\n\t\t\t\t\t<div class=\"latest-news__content\">\n\t\t\t\t\t\t<time class=\"latest-news__date\" datetime=\"2025-03-21T16:41:58-03:00\">\n\t\t\t\t\t\t\t21 de mar\u00e7o de 2025\t\t\t\t\t\t<\/time>\n\t\t\t\t\t\t<h2 class=\"latest-news__title\">A Terapia de Casal pode fazer toda a diferen\u00e7a no seu relacionamento.<\/h2>\n\t\t\t\t\t<\/div>\n\t\t\t\t<\/a>\n\t\t\t\t\t\t\t<a href=\"https:\/\/renatalutz.com.br\/index.php\/2025\/02\/21\/como-construir-relacionamentos-saudaveis\/\" class=\"latest-news  latest-news--inline\">\n\t\t\t\t\t<div class=\"latest-news__content\">\n\t\t\t\t\t\t<time class=\"latest-news__date\" datetime=\"2025-02-21T19:11:26-03:00\">\n\t\t\t\t\t\t\t21 de fevereiro de 2025\t\t\t\t\t\t<\/time>\n\t\t\t\t\t\t<h2 class=\"latest-news__title\">Como construir relacionamentos saud\u00e1veis<\/h2>\n\t\t\t\t\t<\/div>\n\t\t\t\t<\/a>\n\t\t\t\n\t\t\t\t\t<\/div>\n\t\n<\/div><\/div><\/div><\/div>","protected":false},"excerpt":{"rendered":"<p>Palestras Corporativas Cuidar das pessoas \u00e9 investir diretamente no crescimento da sua empresa. A qualidade de vida dos colaboradores est\u00e1 diretamente ligada ao desempenho profissional, \u00e0 motiva\u00e7\u00e3o e ao clima organizacional. Quest\u00f5es como relacionamentos, sexualidade, sa\u00fade emocional e equil\u00edbrio familiar afetam o dia a dia de forma profunda \u2014 e muitas vezes silenciosa. Minhas palestras &hellip;<\/p>\n","protected":false},"author":1,"featured_media":1276,"parent":116,"menu_order":0,"comment_status":"closed","ping_status":"closed","template":"","meta":{"_acf_changed":false,"_joinchat":[],"footnotes":""},"class_list":{"0":"post-305","1":"page","2":"type-page","3":"status-publish","4":"has-post-thumbnail","6":"clearfix","7":"article"},"acf":[],"_links":{"self":[{"href":"https:\/\/renatalutz.com.br\/index.php\/wp-json\/wp\/v2\/pages\/305","targetHints":{"allow":["GET"]}}],"collection":[{"href":"https:\/\/renatalutz.com.br\/index.php\/wp-json\/wp\/v2\/pages"}],"about":[{"href":"https:\/\/renatalutz.com.br\/index.php\/wp-json\/wp\/v2\/types\/page"}],"author":[{"embeddable":true,"href":"https:\/\/renatalutz.com.br\/index.php\/wp-json\/wp\/v2\/users\/1"}],"replies":[{"embeddable":true,"href":"https:\/\/renatalutz.com.br\/index.php\/wp-json\/wp\/v2\/comments?post=305"}],"version-history":[{"count":10,"href":"https:\/\/renatalutz.com.br\/index.php\/wp-json\/wp\/v2\/pages\/305\/revisions"}],"predecessor-version":[{"id":1444,"href":"https:\/\/renatalutz.com.br\/index.php\/wp-json\/wp\/v2\/pages\/305\/revisions\/1444"}],"up":[{"embeddable":true,"href":"https:\/\/renatalutz.com.br\/index.php\/wp-json\/wp\/v2\/pages\/116"}],"wp:featuredmedia":[{"embeddable":true,"href":"https:\/\/renatalutz.com.br\/index.php\/wp-json\/wp\/v2\/media\/1276"}],"wp:attachment":[{"href":"https:\/\/renatalutz.com.br\/index.php\/wp-json\/wp\/v2\/media?parent=305"}],"curies":[{"name":"wp","href":"https:\/\/api.w.org\/{rel}","templated":true}]}}