{"id":303,"date":"2017-02-17T09:23:50","date_gmt":"2017-02-17T09:23:50","guid":{"rendered":"https:\/\/xml-io.proteusthemes.com\/medicpress\/?page_id=303"},"modified":"2022-06-20T20:29:39","modified_gmt":"2022-06-20T23:29:39","slug":"terapiadecasal","status":"publish","type":"page","link":"https:\/\/renatalutz.com.br\/index.php\/departments\/terapiadecasal\/","title":{"rendered":"Terapia de Casal"},"content":{"rendered":"<div id=\"pl-303\"  class=\"panel-layout\" ><div id=\"pg-303-0\"  class=\"panel-grid panel-has-style\" ><div class=\"panel-row-style panel-row-style-for-303-0\" ><div id=\"pgc-303-0-0\"  class=\"panel-grid-cell\" ><div id=\"panel-303-0-0-0\" class=\"so-panel widget widget_sow-editor panel-first-child panel-last-child\" data-index=\"0\" ><div class=\"panel-widget-style panel-widget-style-for-303-0-0-0\" ><div\n\t\t\t\n\t\t\tclass=\"so-widget-sow-editor so-widget-sow-editor-base\"\n\t\t\t\n\t\t>\n<div class=\"siteorigin-widget-tinymce textwidget\">\n\t<hr \/>\n<p>\u00a0<\/p>\n<\/div>\n<\/div><\/div><\/div><\/div><\/div><\/div><div id=\"pg-303-1\"  class=\"panel-grid panel-no-style\" ><div id=\"pgc-303-1-0\"  class=\"panel-grid-cell\" ><div id=\"panel-303-1-0-0\" class=\"so-panel widget widget_sow-editor panel-first-child panel-last-child\" data-index=\"1\" ><div\n\t\t\t\n\t\t\tclass=\"so-widget-sow-editor so-widget-sow-editor-base\"\n\t\t\t\n\t\t>\n<div class=\"siteorigin-widget-tinymce textwidget\">\n\t<h3>Terapia de Casal<\/h3>\n<h3><span style=\"font-size: 16px;\">Para que um relacionamento se fortale\u00e7a e funcione de forma saud\u00e1vel \u00e9 necess\u00e1rio equalizar o casal, trabalhar o autoconhecimento a comunica\u00e7\u00e3o e parceria. <\/span><\/h3>\n<h3><span style=\"font-size: 16px;\">Na m\u00e9dia os casais sabem qual \u00e9 o problema, por\u00e9m n\u00e3o conseguem sair dele e acabam desgastando a rela\u00e7\u00e3o. Como terapeuta de casal atuo como um ponto neutro ajudando o casal a entender onde est\u00e3o errando e como melhorar.<\/span><\/h3>\n<\/div>\n<\/div><\/div><\/div><div id=\"pgc-303-1-1\"  class=\"panel-grid-cell\" ><div id=\"panel-303-1-1-0\" class=\"so-panel widget widget_sow-editor panel-first-child panel-last-child\" data-index=\"2\" ><div\n\t\t\t\n\t\t\tclass=\"so-widget-sow-editor so-widget-sow-editor-base\"\n\t\t\t\n\t\t>\n<div class=\"siteorigin-widget-tinymce textwidget\">\n\t<p><img loading=\"lazy\" decoding=\"async\" class=\"alignnone size-medium wp-image-1159\" src=\"http:\/\/renatalutz.com.br\/wp-content\/uploads\/2021\/11\/Design-sem-nome-300x167.png\" alt=\"\" width=\"300\" height=\"167\" srcset=\"https:\/\/renatalutz.com.br\/wp-content\/uploads\/2021\/11\/Design-sem-nome-300x167.png 300w, https:\/\/renatalutz.com.br\/wp-content\/uploads\/2021\/11\/Design-sem-nome-1024x569.png 1024w, https:\/\/renatalutz.com.br\/wp-content\/uploads\/2021\/11\/Design-sem-nome-768x427.png 768w, https:\/\/renatalutz.com.br\/wp-content\/uploads\/2021\/11\/Design-sem-nome.png 1080w\" sizes=\"auto, (max-width: 300px) 100vw, 300px\" \/><\/p>\n<\/div>\n<\/div><\/div><\/div><\/div><div id=\"pg-303-2\"  class=\"panel-grid panel-no-style\" ><div id=\"pgc-303-2-0\"  class=\"panel-grid-cell\" ><div id=\"panel-303-2-0-0\" class=\"so-panel widget widget_sow-editor panel-first-child panel-last-child\" data-index=\"3\" ><div\n\t\t\t\n\t\t\tclass=\"so-widget-sow-editor so-widget-sow-editor-base\"\n\t\t\t\n\t\t>\n<div class=\"siteorigin-widget-tinymce textwidget\">\n\t<h4>Bases do Relacionamento<\/h4>\n<p>Em um primeiro momento vamos ajustar as bases do relacionamento para que juntos voc\u00eas consigam entender o que estava casando brigas e desgastes. Nessa fase vamos entender quais s\u00e3o as bases da rela\u00e7\u00e3o e o que realmente faz sentido para cada um.<\/p>\n<p>Um relacionamento s\u00f3 vai evoluir se os envolvidos estiverem se sentindo bem, evoluindo, se realizando em outras \u00e1reas da vida.<\/p>\n<h3><\/h3>\n<h4>Desenvolvimento da Rela\u00e7\u00e3o<\/h4>\n<p>Quando conseguimos entender as motiva\u00e7\u00f5es de cada um, podemos come\u00e7ar a tra\u00e7ar um novo rumo para este relacionamento, sempre pautado nos valores, respeito, e amor.<\/p>\n<\/div>\n<\/div><\/div><\/div><div id=\"pgc-303-2-1\"  class=\"panel-grid-cell\" ><div id=\"panel-303-2-1-0\" class=\"so-panel widget widget_sow-editor panel-first-child panel-last-child\" data-index=\"4\" ><div class=\"panel-widget-style panel-widget-style-for-303-2-1-0\" ><div\n\t\t\t\n\t\t\tclass=\"so-widget-sow-editor so-widget-sow-editor-base\"\n\t\t\t\n\t\t>\n<div class=\"siteorigin-widget-tinymce textwidget\">\n\t<p><img loading=\"lazy\" decoding=\"async\" class=\"alignnone size-medium wp-image-1155\" src=\"http:\/\/renatalutz.com.br\/wp-content\/uploads\/2021\/11\/Como-Evitar-Conflitos-1080-x-600-px-1-300x167.png\" alt=\"\" width=\"300\" height=\"167\" srcset=\"https:\/\/renatalutz.com.br\/wp-content\/uploads\/2021\/11\/Como-Evitar-Conflitos-1080-x-600-px-1-300x167.png 300w, https:\/\/renatalutz.com.br\/wp-content\/uploads\/2021\/11\/Como-Evitar-Conflitos-1080-x-600-px-1-1024x569.png 1024w, https:\/\/renatalutz.com.br\/wp-content\/uploads\/2021\/11\/Como-Evitar-Conflitos-1080-x-600-px-1-768x427.png 768w, https:\/\/renatalutz.com.br\/wp-content\/uploads\/2021\/11\/Como-Evitar-Conflitos-1080-x-600-px-1.png 1080w\" sizes=\"auto, (max-width: 300px) 100vw, 300px\" \/><\/p>\n<\/div>\n<\/div><\/div><\/div><\/div><\/div><div id=\"pg-303-3\"  class=\"panel-grid panel-has-style\" ><div class=\"panel-row-style panel-row-style-for-303-3\" ><div id=\"pgc-303-3-0\"  class=\"panel-grid-cell\" ><div id=\"panel-303-3-0-0\" class=\"so-panel widget widget_pw_accordion widget-accordion panel-first-child panel-last-child\" data-index=\"5\" ><h3 class=\"widget-title\"><span class=\"widget-title__inline\">Perguntas Frequentes:<\/span><\/h3>\t<div class=\"accordion panel-group\" id=\"accordion-widget-3-0-0\" role=\"tablist\" aria-multiselectable=\"true\">\n\t\t\t<div class=\"accordion__panel  panel  panel-default  card\">\n\t\t\t<div class=\"accordion__heading  panel-heading\" role=\"tab\" id=\"heading-widget-3-0-0-1\">\n\t\t\t\t<div class=\"panel-title\">\n\t\t\t\t\t<a class=\"collapsed\" role=\"button\" data-toggle=\"collapse\" data-parent=\"#accordion-widget-3-0-0\" href=\"#collapse-widget-3-0-0-1\" aria-expanded=\"false\" aria-controls=\"collapse-widget-3-0-0-1\">\n\t\t\t\t\t\tTodas as consultas s\u00e3o com o casal?\t\t\t\t\t<\/a>\n\t\t\t\t<\/div>\n\t\t\t<\/div>\n\t\t\t<div id=\"collapse-widget-3-0-0-1\" class=\"accordion__content  panel-collapse  collapse\" role=\"tabpanel\" aria-labelledby=\"heading-widget-3-0-0-1\">\n\t\t\t\t<div class=\"panel-body\">\n\t\t\t\t\tCada caso \u00e9 um caso, ent\u00e3o na m\u00e9dia fazemos as sess\u00f5es com o casal.\nPor\u00e9m pontualmente \u00e9 necess\u00e1rio fazer algumas sess\u00f5es individual para fazer pequenos ajustes.\nTodo o processo \u00e9 acordado anteriormente com o casal.\t\t\t\t<\/div>\n\t\t\t<\/div>\n\t\t<\/div>\n\t\t\t<div class=\"accordion__panel  panel  panel-default  card\">\n\t\t\t<div class=\"accordion__heading  panel-heading\" role=\"tab\" id=\"heading-widget-3-0-0-2\">\n\t\t\t\t<div class=\"panel-title\">\n\t\t\t\t\t<a class=\"collapsed\" role=\"button\" data-toggle=\"collapse\" data-parent=\"#accordion-widget-3-0-0\" href=\"#collapse-widget-3-0-0-2\" aria-expanded=\"false\" aria-controls=\"collapse-widget-3-0-0-2\">\n\t\t\t\t\t\t\u00c9 poss\u00edvel resgatar uma rela\u00e7\u00e3o que j\u00e1 est\u00e1 bem dificil?\t\t\t\t\t<\/a>\n\t\t\t\t<\/div>\n\t\t\t<\/div>\n\t\t\t<div id=\"collapse-widget-3-0-0-2\" class=\"accordion__content  panel-collapse  collapse\" role=\"tabpanel\" aria-labelledby=\"heading-widget-3-0-0-2\">\n\t\t\t\t<div class=\"panel-body\">\n\t\t\t\t\tCom a minha experi\u00eancia clinica, posso dizer que sim!\nClaro que para isso acontecer \u00e9 necess\u00e1rio que ainda exista AMOR e motiva\u00e7\u00e3o para continuar.\nAs quest\u00f5es que provocam os desentendimentos podem ser discutidas, entendidas e realinhadas.\nClaro que n\u00e3o \u00e9 um processo simples e f\u00e1cil, mas \u00e9 um processo que muda a vida do casal e consequentemente da fam\u00edlia.\t\t\t\t<\/div>\n\t\t\t<\/div>\n\t\t<\/div>\n\t\t\t<div class=\"accordion__panel  panel  panel-default  card\">\n\t\t\t<div class=\"accordion__heading  panel-heading\" role=\"tab\" id=\"heading-widget-3-0-0-3\">\n\t\t\t\t<div class=\"panel-title\">\n\t\t\t\t\t<a class=\"collapsed\" role=\"button\" data-toggle=\"collapse\" data-parent=\"#accordion-widget-3-0-0\" href=\"#collapse-widget-3-0-0-3\" aria-expanded=\"false\" aria-controls=\"collapse-widget-3-0-0-3\">\n\t\t\t\t\t\tEm quanto tempo \u00e9 poss\u00edvel notar resultados?\t\t\t\t\t<\/a>\n\t\t\t\t<\/div>\n\t\t\t<\/div>\n\t\t\t<div id=\"collapse-widget-3-0-0-3\" class=\"accordion__content  panel-collapse  collapse\" role=\"tabpanel\" aria-labelledby=\"heading-widget-3-0-0-3\">\n\t\t\t\t<div class=\"panel-body\">\n\t\t\t\t\tEu particularmente gosto muito de trabalhar com resultados, e fa\u00e7o isso de forma simples e objetiva. \n\nAcredito e vejo que a mudan\u00e7a come\u00e7a nas atitudes mais simples.\nO foco principal \u00e9 trazer para a consci\u00eancia todas as atitudes que est\u00e3o desgastando o relacionamento e \u00e0 partir da\u00ed come\u00e7amos \u00e0 trabalhar com foco na mudan\u00e7a. Claro que \u00e9 muito importante preservar a ess\u00eancia de cada um, enaltecendo as habilidades e fortalecendo os pontos que precisam de desenvolvimento.\nCada pessoa tem o seu tempo e isso precisa ser respeitado, ent\u00e3o vamos focar no processo e nas pequenas conquistas do dia-dia. Sem d\u00favidas \u00e9 isso que vai fazer a diferen\u00e7a!\t\t\t\t<\/div>\n\t\t\t<\/div>\n\t\t<\/div>\n\t\t\t<\/div>\n\n<\/div><\/div><\/div><\/div><\/div>","protected":false},"excerpt":{"rendered":"<p>Para que um relacionamento se fortale\u00e7a e funcione de forma saud\u00e1vel \u00e9 necess\u00e1rio equalizar o casal, trabalhar o autoconhecimento a comunica\u00e7\u00e3o e parceria.<\/p>\n","protected":false},"author":1,"featured_media":1159,"parent":116,"menu_order":0,"comment_status":"closed","ping_status":"closed","template":"","meta":{"_acf_changed":false,"_joinchat":[],"footnotes":""},"class_list":{"0":"post-303","1":"page","2":"type-page","3":"status-publish","4":"has-post-thumbnail","6":"clearfix","7":"article"},"acf":[],"_links":{"self":[{"href":"https:\/\/renatalutz.com.br\/index.php\/wp-json\/wp\/v2\/pages\/303","targetHints":{"allow":["GET"]}}],"collection":[{"href":"https:\/\/renatalutz.com.br\/index.php\/wp-json\/wp\/v2\/pages"}],"about":[{"href":"https:\/\/renatalutz.com.br\/index.php\/wp-json\/wp\/v2\/types\/page"}],"author":[{"embeddable":true,"href":"https:\/\/renatalutz.com.br\/index.php\/wp-json\/wp\/v2\/users\/1"}],"replies":[{"embeddable":true,"href":"https:\/\/renatalutz.com.br\/index.php\/wp-json\/wp\/v2\/comments?post=303"}],"version-history":[{"count":14,"href":"https:\/\/renatalutz.com.br\/index.php\/wp-json\/wp\/v2\/pages\/303\/revisions"}],"predecessor-version":[{"id":1318,"href":"https:\/\/renatalutz.com.br\/index.php\/wp-json\/wp\/v2\/pages\/303\/revisions\/1318"}],"up":[{"embeddable":true,"href":"https:\/\/renatalutz.com.br\/index.php\/wp-json\/wp\/v2\/pages\/116"}],"wp:featuredmedia":[{"embeddable":true,"href":"https:\/\/renatalutz.com.br\/index.php\/wp-json\/wp\/v2\/media\/1159"}],"wp:attachment":[{"href":"https:\/\/renatalutz.com.br\/index.php\/wp-json\/wp\/v2\/media?parent=303"}],"curies":[{"name":"wp","href":"https:\/\/api.w.org\/{rel}","templated":true}]}}