{"id":285,"date":"2017-02-17T08:32:00","date_gmt":"2017-02-17T08:32:00","guid":{"rendered":"https:\/\/xml-io.proteusthemes.com\/medicpress\/?page_id=285"},"modified":"2025-05-07T21:03:23","modified_gmt":"2025-05-08T00:03:23","slug":"terapeuta","status":"publish","type":"page","link":"https:\/\/renatalutz.com.br\/index.php\/renata-lutz\/terapeuta\/","title":{"rendered":"Renata Lutz"},"content":{"rendered":"<div id=\"pl-285\"  class=\"panel-layout\" ><div id=\"pg-285-0\"  class=\"panel-grid panel-no-style\" ><div id=\"pgc-285-0-0\"  class=\"panel-grid-cell panel-grid-cell-empty\" ><\/div><\/div><div id=\"pg-285-1\"  class=\"panel-grid panel-no-style\" ><div id=\"pgc-285-1-0\"  class=\"panel-grid-cell\" ><div id=\"panel-285-1-0-0\" class=\"so-panel widget widget_pw_person_profile widget-person-profile panel-first-child\" data-index=\"0\" >\n\t<div class=\"person-profile  h-card\">\n\t\t\t\t\t\t<div class=\"person-profile__container\">\n\t\t\t<div class=\"person-profile__basic-info\">\n\t\t\t\t\t\t\t\t\t<h4 class=\"person-profile__name  p-name\">\n\t\t\t\t\t\t\t\t\t\tRenata Lutz\t\t\t\t\t\t\t\t\t\t<\/h4>\n\t\t\t\t\n\t\t\t\t\t\t\t\t\t<div class=\"person-profile__label\">\n\t\t\t\t\t\tTerapeuta de Casal, Terapeuta Sexual e Relacionamentos Abusivos\t\t\t\t\t<\/div>\n\t\t\t\t\n\t\t\t<\/div>\n\n\t\t\t\t\t\t\t<div class=\"h4 person-profile__location\">\n\t\t\t\t\tAv. Dr. Chucri Zaidan, 940 - Torre II - 3. andar - Shopping Market Place\t\t\t\t<\/div>\n\t\t\t\n\t\t\t\t\t\t\t<div class=\"person-profile__specific-location\">\n\t\t\t\t\tBrooklin\t\t\t\t<\/div>\n\t\t\t\n\t\t\t\t\t\t\t<div class=\"person-profile__icon-list  icon-list\">\n\t\t\t\t\t\t\t\t\t\t\t<div class=\"icon-list__item  icon-list__item--default\">\n\t\t\t\t\t\t\t<i class=\"fa  fa-angle-right\" aria-hidden=\"true\"><\/i>\n\t\t\t\t\t\t\t\t\t\t\t\t\t\t\t<div class=\"icon-list__text\">\n\t\t\t\t\t\t\t\t\tTerapia de Casal\t\t\t\t\t\t\t\t<\/div>\n\t\t\t\t\t\t\t\t\t\t\t\t\t<\/div>\n\t\t\t\t\t\t\t\t\t\t\t<div class=\"icon-list__item  icon-list__item--default\">\n\t\t\t\t\t\t\t<i class=\"fa  fa-angle-right\" aria-hidden=\"true\"><\/i>\n\t\t\t\t\t\t\t\t\t\t\t\t\t\t\t<div class=\"icon-list__text\">\n\t\t\t\t\t\t\t\t\tTerapia Sexual\t\t\t\t\t\t\t\t<\/div>\n\t\t\t\t\t\t\t\t\t\t\t\t\t<\/div>\n\t\t\t\t\t\t\t\t\t\t\t<div class=\"icon-list__item  icon-list__item--default\">\n\t\t\t\t\t\t\t<i class=\"fa  fa-angle-right\" aria-hidden=\"true\"><\/i>\n\t\t\t\t\t\t\t\t\t\t\t\t\t\t\t<div class=\"icon-list__text\">\n\t\t\t\t\t\t\t\t\tRelacionamentos Abusivos\t\t\t\t\t\t\t\t<\/div>\n\t\t\t\t\t\t\t\t\t\t\t\t\t<\/div>\n\t\t\t\t\t\t\t\t\t\t\t<div class=\"icon-list__item  icon-list__item--featured\">\n\t\t\t\t\t\t\t<i class=\"fa  fa-phone\" aria-hidden=\"true\"><\/i>\n\t\t\t\t\t\t\t\t\t\t\t\t\t\t<div class=\"icon-list__content\">\n\t\t\t\t\t\t\t\t<div class=\"icon-list__description\">\n\t\t\t\t\t\t\t\t\tInforma\u00e7\u00f5es\t\t\t\t\t\t\t\t<\/div>\n\t\t\t\t\t\t\t\t\t\t\t\t\t\t\t<div class=\"icon-list__text\">\n\t\t\t\t\t\t\t\t\t(11) 99919 0979\t\t\t\t\t\t\t\t<\/div>\n\t\t\t\t\t\t\t\t\t\t\t\t\t\t<\/div>\n\t\t\t\t\t\t\t\t\t\t\t\t\t<\/div>\n\t\t\t\t\t\t\t\t\t\t\t<div class=\"icon-list__item  icon-list__item--default\">\n\t\t\t\t\t\t\t<i class=\"fa  fa-angle-right\" aria-hidden=\"true\"><\/i>\n\t\t\t\t\t\t\t\t\t\t\t\t\t\t\t<div class=\"icon-list__text\">\n\t\t\t\t\t\t\t\t\tPrograma de Preven\u00e7\u00e3o ao Abuso Sexual Infantil\t\t\t\t\t\t\t\t<\/div>\n\t\t\t\t\t\t\t\t\t\t\t\t\t<\/div>\n\t\t\t\t\t\t\t\t\t\t\t<div class=\"icon-list__item  icon-list__item--default\">\n\t\t\t\t\t\t\t<i class=\"fa  fa-angle-right\" aria-hidden=\"true\"><\/i>\n\t\t\t\t\t\t\t\t\t\t\t\t\t\t\t<div class=\"icon-list__text\">\n\t\t\t\t\t\t\t\t\tPalestras Corporativas\t\t\t\t\t\t\t\t<\/div>\n\t\t\t\t\t\t\t\t\t\t\t\t\t<\/div>\n\t\t\t\t\t\t\t\t\t<\/div>\n\t\t\t\n\t\t\t\t\t\t\t<a class=\"btn  btn-secondary  btn-block  person-profile__button\" href=\"https:\/\/api.whatsapp.com\/send?phone=5511999190979\" target=\"_self\">Agende seu atendimento!<\/a>\n\t\t\t\n\t\t<\/div>\n\t<\/div>\n\n<\/div><div id=\"panel-285-1-0-1\" class=\"so-panel widget widget_pw_opening_time widget-opening-time panel-last-child\" data-index=\"1\" ><div class=\"panel-widget-style panel-widget-style-for-285-1-0-1\" >\t\t\t<div class=\"opening-time\">\n\t\t\t\t\t\t\t<div class=\"opening-time__item\">\n\t\t\t\t\t<div class=\"opening-time__day\">\n\t\t\t\t\t\tSegunda - Sexta\t\t\t\t\t<\/div>\n\t\t\t\t\t<div class=\"opening-time__time\">\n\t\t\t\t\t\t13:00 - 20:00\t\t\t\t\t<\/div>\n\t\t\t\t<\/div>\n\t\t\t\t\t\t\t<div class=\"opening-time__item\">\n\t\t\t\t\t<div class=\"opening-time__day\">\n\t\t\t\t\t\tS\u00e1bado\t\t\t\t\t<\/div>\n\t\t\t\t\t<div class=\"opening-time__time\">\n\t\t\t\t\t\tN\u00e3o h\u00e1 atendimentos\t\t\t\t\t<\/div>\n\t\t\t\t<\/div>\n\t\t\t\t\t\t<\/div>\n\t\t<\/div><\/div><\/div><div id=\"pgc-285-1-1\"  class=\"panel-grid-cell\" ><div id=\"panel-285-1-1-0\" class=\"so-panel widget widget_sow-editor panel-first-child panel-last-child\" data-index=\"2\" ><div\n\t\t\t\n\t\t\tclass=\"so-widget-sow-editor so-widget-sow-editor-base\"\n\t\t\t\n\t\t>\n<div class=\"siteorigin-widget-tinymce textwidget\">\n\t<p><img loading=\"lazy\" decoding=\"async\" class=\"size-medium wp-image-1391 aligncenter\" src=\"https:\/\/renatalutz.com.br\/wp-content\/uploads\/2025\/02\/Design-sem-nome-3-300x242.png\" alt=\"\" width=\"300\" height=\"242\" srcset=\"https:\/\/renatalutz.com.br\/wp-content\/uploads\/2025\/02\/Design-sem-nome-3-300x242.png 300w, https:\/\/renatalutz.com.br\/wp-content\/uploads\/2025\/02\/Design-sem-nome-3-768x618.png 768w, https:\/\/renatalutz.com.br\/wp-content\/uploads\/2025\/02\/Design-sem-nome-3.png 800w\" sizes=\"auto, (max-width: 300px) 100vw, 300px\" \/><\/p>\n<h3 class=\"\" data-start=\"212\" data-end=\"229\"><strong data-start=\"216\" data-end=\"229\">Sobre Mim:<\/strong><\/h3>\n<p class=\"\" data-start=\"231\" data-end=\"489\"><strong data-start=\"235\" data-end=\"250\">Renata Lutz<\/strong>, especialista em <strong data-start=\"268\" data-end=\"304\">Terapia de Casal, Terapia Sexual e Relacionamentos Abusivos,<\/strong> com forma\u00e7\u00e3o Internacional em <strong data-start=\"311\" data-end=\"359\">\u00a0Sexualidade Humana<\/strong>, dedicada a promover sa\u00fade emocional, v\u00ednculos afetivos saud\u00e1veis e uma viv\u00eancia da sexualidade com mais consci\u00eancia e liberdade.<\/p>\n<p class=\"\" data-start=\"491\" data-end=\"868\">Atuo com atendimentos <strong data-start=\"513\" data-end=\"537\">presenciais e online<\/strong>, sempre com uma abordagem <strong data-start=\"564\" data-end=\"604\">humana, acolhedora e sem julgamentos<\/strong>, aliando o conhecimento t\u00e9cnico \u00e0s necessidades reais de cada pessoa ou casal. Minha pr\u00e1tica \u00e9 centrada em resultados, integrando aspectos <strong data-start=\"744\" data-end=\"784\">psicol\u00f3gicos, fisiol\u00f3gicos e sociais<\/strong>, com escuta sens\u00edvel e orienta\u00e7\u00f5es que respeitam cada fase do processo terap\u00eautico.<\/p>\n<p class=\"\" data-start=\"870\" data-end=\"1051\">As quest\u00f5es que envolvem a sexualidade s\u00e3o abordadas de forma <strong data-start=\"932\" data-end=\"966\">natural, \u00e9tica e esclarecedora<\/strong>, buscando desmistificar tabus, ampliar o autoconhecimento e fortalecer a autoestima.<\/p>\n<hr class=\"\" data-start=\"1053\" data-end=\"1056\" \/>\n<h3 class=\"\" data-start=\"1058\" data-end=\"1102\"><strong data-start=\"1062\" data-end=\"1102\">Forma\u00e7\u00e3o Acad\u00eamica e Especializa\u00e7\u00f5es<\/strong><\/h3>\n<ul data-start=\"1104\" data-end=\"1347\">\n<li class=\"\" data-start=\"1104\" data-end=\"1183\">\n<p class=\"\" data-start=\"1106\" data-end=\"1183\">P\u00f3s-Gradua\u00e7\u00e3o em <strong data-start=\"1123\" data-end=\"1171\">Terapia de Casal com Abordagem Psicanal\u00edtica<\/strong> \u2013 Unyleya<\/p>\n<\/li>\n<li class=\"\" data-start=\"1184\" data-end=\"1253\">\n<p class=\"\" data-start=\"1186\" data-end=\"1253\">P\u00f3s-Gradua\u00e7\u00e3o em <strong data-start=\"1203\" data-end=\"1241\">Terapia Sexual na Sa\u00fade e Educa\u00e7\u00e3o<\/strong> \u2013 CEFATEF<\/p>\n<\/li>\n<li class=\"\" data-start=\"1254\" data-end=\"1308\">\n<p class=\"\" data-start=\"1256\" data-end=\"1308\"><strong data-start=\"1256\" data-end=\"1285\">MBA em Sexualidade Humana<\/strong> \u2013 CBI of Miami (EUA)<\/p>\n<\/li>\n<li class=\"\" data-start=\"1309\" data-end=\"1347\">\n<p class=\"\" data-start=\"1311\" data-end=\"1347\">Graduanda \u00a0<strong data-start=\"1324\" data-end=\"1338\">Psicologia<\/strong> \u2013 UNIP<\/p>\n<\/li>\n<\/ul>\n<h3 class=\"\" data-start=\"1349\" data-end=\"1384\"><strong data-start=\"1353\" data-end=\"1384\">Capacita\u00e7\u00f5es Complementares<\/strong><\/h3>\n<ul data-start=\"1386\" data-end=\"1927\">\n<li class=\"\" data-start=\"1386\" data-end=\"1431\">\n<p class=\"\" data-start=\"1388\" data-end=\"1431\">Inova\u00e7\u00e3o em Sexualidade \u2013 Jornada ABRASEX<\/p>\n<\/li>\n<li class=\"\" data-start=\"1432\" data-end=\"1465\">\n<p class=\"\" data-start=\"1434\" data-end=\"1465\">Psicologia Judici\u00e1ria \u2013 Helix<\/p>\n<\/li>\n<li class=\"\" data-start=\"1466\" data-end=\"1540\">\n<p class=\"\" data-start=\"1468\" data-end=\"1540\">Sexologia Forense: Transtornos de Sexualidade e Crimes Sexuais \u2013 Helix<\/p>\n<\/li>\n<li class=\"\" data-start=\"1541\" data-end=\"1574\">\n<p class=\"\" data-start=\"1543\" data-end=\"1574\">Viol\u00eancia Dom\u00e9stica \u2013 CEFATEF<\/p>\n<\/li>\n<li class=\"\" data-start=\"1575\" data-end=\"1620\">\n<p class=\"\" data-start=\"1577\" data-end=\"1620\">Atendimento a Autores de Viol\u00eancia Sexual<\/p>\n<\/li>\n<li class=\"\" data-start=\"1621\" data-end=\"1699\">\n<p class=\"\" data-start=\"1623\" data-end=\"1699\">Programa Claves Brasil \u2013 Metodologia de Preven\u00e7\u00e3o ao Abuso Sexual Infantil<\/p>\n<\/li>\n<li class=\"\" data-start=\"1700\" data-end=\"1769\">\n<p class=\"\" data-start=\"1702\" data-end=\"1769\">Consultoria em Sa\u00fade e Educa\u00e7\u00e3o Sexual \u2013 Instituto Vivendo Melhor<\/p>\n<\/li>\n<li class=\"\" data-start=\"1770\" data-end=\"1818\">\n<p class=\"\" data-start=\"1772\" data-end=\"1818\">Emancipa\u00e7\u00e3o da Mulher na Fam\u00edlia e Sociedade<\/p>\n<\/li>\n<li class=\"\" data-start=\"1819\" data-end=\"1876\">\n<p class=\"\" data-start=\"1821\" data-end=\"1876\">Forma\u00e7\u00e3o em Sa\u00fade e Educa\u00e7\u00e3o Sexual \u2013 Falando Naquilo<\/p>\n<\/li>\n<li class=\"\" data-start=\"1877\" data-end=\"1927\">\n<p class=\"\" data-start=\"1879\" data-end=\"1927\">Forma\u00e7\u00e3o em An\u00e1lise Corporal \u2013 O Corpo Explica<\/p>\n<\/li>\n<\/ul>\n<blockquote data-start=\"1929\" data-end=\"2021\">\n<p class=\"\" data-start=\"1931\" data-end=\"2021\"><em data-start=\"1931\" data-end=\"2021\">Todos os cursos de Gradua\u00e7\u00e3o, P\u00f3s-Gradua\u00e7\u00e3o e Especializa\u00e7\u00f5es s\u00e3o reconhecidos pelo MEC.<\/em><\/p>\n<\/blockquote>\n<hr class=\"\" data-start=\"2023\" data-end=\"2026\" \/>\n<h5>Associada:<\/h5>\n<h5><img loading=\"lazy\" decoding=\"async\" class=\"alignnone size-full wp-image-986\" src=\"http:\/\/renatalutz.com.br\/wp-content\/uploads\/2020\/10\/banco-palestrantes-logo-azul.png\" alt=\"\" width=\"250\" height=\"33\" \/>\u00a0 \u00a0 \u00a0 \u00a0 \u00a0 \u00a0 \u00a0\u00a0 <img loading=\"lazy\" decoding=\"async\" class=\"alignnone size-medium wp-image-987\" src=\"http:\/\/renatalutz.com.br\/wp-content\/uploads\/2020\/10\/LogoAbrasex.png\" alt=\"\" width=\"200\" height=\"121\" \/><\/h5>\n<h5><\/h5>\n<\/div>\n<\/div><\/div><\/div><\/div><div id=\"pg-285-2\"  class=\"panel-grid panel-has-style\" ><div class=\"siteorigin-panels-stretch panel-row-style panel-row-style-for-285-2\" data-stretch-type=\"full\" ><div id=\"pgc-285-2-0\"  class=\"panel-grid-cell\" ><div id=\"panel-285-2-0-0\" class=\"so-panel widget widget_sow-editor panel-first-child panel-last-child\" data-index=\"3\" ><div\n\t\t\t\n\t\t\tclass=\"so-widget-sow-editor so-widget-sow-editor-base\"\n\t\t\t\n\t\t>\n<div class=\"siteorigin-widget-tinymce textwidget\">\n\t<h3 style=\"text-align: center;\">Valores dos Atendimentos<\/h3>\n<\/div>\n<\/div><\/div><\/div><\/div><\/div><div id=\"pg-285-3\"  class=\"panel-grid panel-has-style\" ><div class=\"siteorigin-panels-stretch panel-row-style panel-row-style-for-285-3\" data-stretch-type=\"full\" ><div id=\"pgc-285-3-0\"  class=\"panel-grid-cell\" ><div id=\"panel-285-3-0-0\" class=\"so-panel widget widget_pw_pricing_list widget-pricing-list panel-first-child panel-last-child\" data-index=\"4\" >\n\t<div class=\"pricing-list\">\n\t\t\t\t\t\t\t<div class=\"pricing-list__item\">\n\t\t\t\t<span class=\"pricing-list__title\">Terapia de Casal\t\t\t\t\t\t\t\t\t\t\t<span class=\"pricing-list__badge\">On-Line<\/span>\n\t\t\t\t\t\t\t\t\t<\/span>\n\t\t\t\t<span class=\"pricing-list__price\">R$ 300,00<\/span>\n\t\t\t\t\t\t\t\t\t<p class=\"pricing-list__description\">\n\t\t\t\t\t\tSess\u00e3o Avulso\t\t\t\t\t<\/p>\n\t\t\t\t\t\t\t<\/div>\n\t\t\t\t\t<div class=\"pricing-list__item\">\n\t\t\t\t<span class=\"pricing-list__title\">Terapia Sexual\t\t\t\t\t\t\t\t\t\t\t<span class=\"pricing-list__badge\">On-Line<\/span>\n\t\t\t\t\t\t\t\t\t<\/span>\n\t\t\t\t<span class=\"pricing-list__price\">R$ 300,00<\/span>\n\t\t\t\t\t\t\t\t\t<p class=\"pricing-list__description\">\n\t\t\t\t\t\tSess\u00e3o  Avulso\t\t\t\t\t<\/p>\n\t\t\t\t\t\t\t<\/div>\n\t\t\t\t\t<div class=\"pricing-list__item\">\n\t\t\t\t<span class=\"pricing-list__title\">Relacionamentos Abusivos\t\t\t\t\t\t\t\t\t\t\t<span class=\"pricing-list__badge\">On-Line<\/span>\n\t\t\t\t\t\t\t\t\t<\/span>\n\t\t\t\t<span class=\"pricing-list__price\">R$ 300,00<\/span>\n\t\t\t\t\t\t\t\t\t<p class=\"pricing-list__description\">\n\t\t\t\t\t\tSess\u00e3o Avulso\t\t\t\t\t<\/p>\n\t\t\t\t\t\t\t<\/div>\n\t\t\t<\/div>\n\n<\/div><\/div><div id=\"pgc-285-3-1\"  class=\"panel-grid-cell\" ><div id=\"panel-285-3-1-0\" class=\"so-panel widget widget_pw_pricing_list widget-pricing-list panel-first-child panel-last-child\" data-index=\"5\" >\n\t<div class=\"pricing-list\">\n\t\t\t\t\t\t\t<div class=\"pricing-list__item\">\n\t\t\t\t<span class=\"pricing-list__title\">Todas as Especialidades\t\t\t\t\t\t\t\t\t\t\t<span class=\"pricing-list__badge\">Presencial<\/span>\n\t\t\t\t\t\t\t\t\t<\/span>\n\t\t\t\t<span class=\"pricing-list__price\">R$ 350,00<\/span>\n\t\t\t\t\t\t\t\t\t<p class=\"pricing-list__description\">\n\t\t\t\t\t\tSess\u00e3o Avulso\t\t\t\t\t<\/p>\n\t\t\t\t\t\t\t<\/div>\n\t\t\t\t\t<div class=\"pricing-list__item\">\n\t\t\t\t<span class=\"pricing-list__title\">Fechando o pacote de recorr\u00eancia os valores s\u00e3o mais vantajosos. Mais informa\u00e7\u00f5es pelo whatsapp (11) 99919 0979\t\t\t\t\t\t\t\t\t\t\t<span class=\"pricing-list__badge\">Pacotes com 4 ou 2 Sess\u00f5es\/ M\u00eas<\/span>\n\t\t\t\t\t\t\t\t\t<\/span>\n\t\t\t\t<span class=\"pricing-list__price\"><\/span>\n\t\t\t\t\t\t\t<\/div>\n\t\t\t<\/div>\n\n<\/div><\/div><div id=\"pgc-285-3-2\"  class=\"panel-grid-cell\" ><div id=\"panel-285-3-2-0\" class=\"so-panel widget widget_pw_pricing_list widget-pricing-list panel-first-child panel-last-child\" data-index=\"6\" >\n\t<div class=\"pricing-list\">\n\t\t\t\t\t<\/div>\n\n<\/div><\/div><\/div><\/div><div id=\"pg-285-4\"  class=\"panel-grid panel-no-style\" ><div id=\"pgc-285-4-0\"  class=\"panel-grid-cell\" ><div id=\"panel-285-4-0-0\" class=\"so-panel widget widget_sow-editor panel-first-child panel-last-child\" data-index=\"7\" ><div\n\t\t\t\n\t\t\tclass=\"so-widget-sow-editor so-widget-sow-editor-base\"\n\t\t\t\n\t\t>\n<div class=\"siteorigin-widget-tinymce textwidget\">\n\t<h3 style=\"text-align: center;\">Blog<\/h3>\n<\/div>\n<\/div><\/div><\/div><\/div><div id=\"pg-285-5\"  class=\"panel-grid panel-has-style\" ><div class=\"panel-row-style panel-row-style-for-285-5\" ><div id=\"pgc-285-5-0\"  class=\"panel-grid-cell\" ><div id=\"panel-285-5-0-0\" class=\"so-panel widget widget_pw_latest_news widget-latest-news panel-first-child panel-last-child\" data-index=\"8\" >\n\t\t\t\t\t\t<div class=\"latest-news  latest-news--block\">\n\t\t\t\t\t\t\t\t\t<a href=\"https:\/\/renatalutz.com.br\/index.php\/2025\/05\/27\/divorcio-cinza-quando-o-fim-chega-na-maturidade\/\" class=\"latest-news__image-link\">\n\t\t\t\t\t\t<img loading=\"lazy\" decoding=\"async\" src=\"https:\/\/renatalutz.com.br\/wp-content\/uploads\/2025\/05\/Design-sem-nome-8-350x175.png\" width=\"350\" height=\"175\" srcset=\"https:\/\/renatalutz.com.br\/wp-content\/uploads\/2025\/05\/Design-sem-nome-8-350x175.png 350w, https:\/\/renatalutz.com.br\/wp-content\/uploads\/2025\/05\/Design-sem-nome-8.png 1080w\" sizes=\"auto, (min-width: 1200px) 350px, (min-width: 992px) 290px, (min-width: 768px) 690px, (min-width: 576px) 510px, calc(100vw - 30px)\" class=\"latest-news__image  wp-post-image\" alt=\"Div\u00f3rcio Cinza: Quando o Fim Chega na Maturidade\">\n\t\t\t\t\t<\/a>\n\t\t\t\t\n\t\t\t\t<div class=\"latest-news__content\">\n\t\t\t\t\t<div class=\"latest-news__category-container\">\n\t\t\t\t\t\t<a href=\"https:\/\/renatalutz.com.br\/index.php\/category\/relacionamento\/\" rel=\"category tag\">Relacionamento<\/a>, <a href=\"https:\/\/renatalutz.com.br\/index.php\/category\/terapia-de-casal\/\" rel=\"category tag\">Terapia de Casal<\/a>\t\t\t\t\t<\/div>\n\t\t\t\t\t<h2 class=\"latest-news__title\"><a href=\"https:\/\/renatalutz.com.br\/index.php\/2025\/05\/27\/divorcio-cinza-quando-o-fim-chega-na-maturidade\/\">Div\u00f3rcio Cinza: Quando o Fim Chega na Maturidade<\/a><\/h2>\n\t\t\t\t\t<p class=\"latest-news__excerpt\">\n\t\t\t\t\t\tDiv\u00f3rcio Cinza: Quando o Fim Chega na Maturidade O div\u00f3rcio cinza, ou gray divorce, \u00e9 um fen\u00f4meno que vem crescendo&hellip;\t\t\t\t\t<\/p>\n\t\t\t\t\t\t\t\t\t\t\t<div class=\"latest-news__tags-container\">\n\t\t\t\t\t\t\t\t\t\t\t\t\t\t\t<a class=\"latest-news__tag\" href=\"https:\/\/renatalutz.com.br\/index.php\/tag\/brigadecasal\/\">#brigadecasal<\/a>\n\t\t\t\t\t\t\t\t\t\t\t\t\t\t\t<a class=\"latest-news__tag\" href=\"https:\/\/renatalutz.com.br\/index.php\/tag\/brigadecasal-terapiadecasal\/\">#brigadecasal #terapiadecasal<\/a>\n\t\t\t\t\t\t\t\t\t\t\t\t\t\t\t<a class=\"latest-news__tag\" href=\"https:\/\/renatalutz.com.br\/index.php\/tag\/relacionamentosaudavel\/\">#relacionamentosaudavel<\/a>\n\t\t\t\t\t\t\t\t\t\t\t\t\t\t\t<a class=\"latest-news__tag\" href=\"https:\/\/renatalutz.com.br\/index.php\/tag\/separacao-2\/\">#separa\u00e7\u00e3o<\/a>\n\t\t\t\t\t\t\t\t\t\t\t\t\t\t\t<a class=\"latest-news__tag\" href=\"https:\/\/renatalutz.com.br\/index.php\/tag\/terapiaonline\/\">#terapiaonline<\/a>\n\t\t\t\t\t\t\t\t\t\t\t\t\t\t\t<a class=\"latest-news__tag\" href=\"https:\/\/renatalutz.com.br\/index.php\/tag\/traicao-2\/\">#trai\u00e7\u00e3o<\/a>\n\t\t\t\t\t\t\t\t\t\t\t\t\t<\/div>\n\t\t\t\t\t\t\t\t\t\t\t\t\t\t<\/div>\n\t\t\t<\/div>\n\t\t\t\n<\/div><\/div><div id=\"pgc-285-5-1\"  class=\"panel-grid-cell\" ><div id=\"panel-285-5-1-0\" class=\"so-panel widget widget_pw_latest_news widget-latest-news panel-first-child panel-last-child\" data-index=\"9\" >\n\t\t\t\t\t\t<div class=\"latest-news  latest-news--block\">\n\t\t\t\t\t\t\t\t\t<a href=\"https:\/\/renatalutz.com.br\/index.php\/2025\/05\/07\/entender-a-forma-que-o-outro-expressa-o-amor-pode-mudar-o-seu-relacionamento\/\" class=\"latest-news__image-link\">\n\t\t\t\t\t\t<img loading=\"lazy\" decoding=\"async\" src=\"https:\/\/renatalutz.com.br\/wp-content\/uploads\/2025\/05\/Design-sem-nome-6-350x175.png\" width=\"350\" height=\"175\" srcset=\"https:\/\/renatalutz.com.br\/wp-content\/uploads\/2025\/05\/Design-sem-nome-6-350x175.png 350w, https:\/\/renatalutz.com.br\/wp-content\/uploads\/2025\/05\/Design-sem-nome-6.png 1080w\" sizes=\"auto, (min-width: 1200px) 350px, (min-width: 992px) 290px, (min-width: 768px) 690px, (min-width: 576px) 510px, calc(100vw - 30px)\" class=\"latest-news__image  wp-post-image\" alt=\"Entender a forma que o outro expressa o amor pode mudar o seu relacionamento!\">\n\t\t\t\t\t<\/a>\n\t\t\t\t\n\t\t\t\t<div class=\"latest-news__content\">\n\t\t\t\t\t<div class=\"latest-news__category-container\">\n\t\t\t\t\t\t<a href=\"https:\/\/renatalutz.com.br\/index.php\/category\/terapia-de-casal\/\" rel=\"category tag\">Terapia de Casal<\/a>\t\t\t\t\t<\/div>\n\t\t\t\t\t<h2 class=\"latest-news__title\"><a href=\"https:\/\/renatalutz.com.br\/index.php\/2025\/05\/07\/entender-a-forma-que-o-outro-expressa-o-amor-pode-mudar-o-seu-relacionamento\/\">Entender a forma que o outro expressa o amor pode mudar o seu relacionamento!<\/a><\/h2>\n\t\t\t\t\t<p class=\"latest-news__excerpt\">\n\t\t\t\t\t\t&nbsp; No livro \"As 5 Linguagens do Amor\", de Gary Chapman, apresenta a ideia de que cada pessoa expressa e&hellip;\t\t\t\t\t<\/p>\n\t\t\t\t\t\t\t\t\t\t\t<div class=\"latest-news__tags-container\">\n\t\t\t\t\t\t\t\t\t\t\t\t\t\t\t<a class=\"latest-news__tag\" href=\"https:\/\/renatalutz.com.br\/index.php\/tag\/linguagensdoamor\/\">#linguagensdoamor<\/a>\n\t\t\t\t\t\t\t\t\t\t\t\t\t\t\t<a class=\"latest-news__tag\" href=\"https:\/\/renatalutz.com.br\/index.php\/tag\/relacionamento-2\/\">#relacionamento<\/a>\n\t\t\t\t\t\t\t\t\t\t\t\t\t\t\t<a class=\"latest-news__tag\" href=\"https:\/\/renatalutz.com.br\/index.php\/tag\/relacionamentosaudavel\/\">#relacionamentosaudavel<\/a>\n\t\t\t\t\t\t\t\t\t\t\t\t\t\t\t<a class=\"latest-news__tag\" href=\"https:\/\/renatalutz.com.br\/index.php\/tag\/renatalutz\/\">#renatalutz<\/a>\n\t\t\t\t\t\t\t\t\t\t\t\t\t\t\t<a class=\"latest-news__tag\" href=\"https:\/\/renatalutz.com.br\/index.php\/tag\/renatalutzterapeuta\/\">#renatalutzterapeuta<\/a>\n\t\t\t\t\t\t\t\t\t\t\t\t\t\t\t<a class=\"latest-news__tag\" href=\"https:\/\/renatalutz.com.br\/index.php\/tag\/terapiadecasal\/\">#terapiadecasal<\/a>\n\t\t\t\t\t\t\t\t\t\t\t\t\t\t\t<a class=\"latest-news__tag\" href=\"https:\/\/renatalutz.com.br\/index.php\/tag\/terapiaonline\/\">#terapiaonline<\/a>\n\t\t\t\t\t\t\t\t\t\t\t\t\t<\/div>\n\t\t\t\t\t\t\t\t\t\t\t\t\t\t<\/div>\n\t\t\t<\/div>\n\t\t\t\n<\/div><\/div><div id=\"pgc-285-5-2\"  class=\"panel-grid-cell\" ><div id=\"panel-285-5-2-0\" class=\"so-panel widget widget_pw_latest_news widget-latest-news panel-first-child panel-last-child\" data-index=\"10\" >\n\t\t\t\t\t\t<div class=\"latest-news  latest-news--block\">\n\t\t\t\t\t\t\t\t\t<a href=\"https:\/\/renatalutz.com.br\/index.php\/2025\/03\/21\/a-terapia-de-casal-pode-fazer-toda-a-diferenca-no-seu-relacionamento\/\" class=\"latest-news__image-link\">\n\t\t\t\t\t\t<img loading=\"lazy\" decoding=\"async\" src=\"https:\/\/renatalutz.com.br\/wp-content\/uploads\/2025\/04\/Design-sem-nome-5-350x175.png\" width=\"350\" height=\"175\" srcset=\"https:\/\/renatalutz.com.br\/wp-content\/uploads\/2025\/04\/Design-sem-nome-5-350x175.png 350w, https:\/\/renatalutz.com.br\/wp-content\/uploads\/2025\/04\/Design-sem-nome-5.png 1080w\" sizes=\"auto, (min-width: 1200px) 350px, (min-width: 992px) 290px, (min-width: 768px) 690px, (min-width: 576px) 510px, calc(100vw - 30px)\" class=\"latest-news__image  wp-post-image\" alt=\"A Terapia de Casal pode fazer toda a diferen\u00e7a no seu relacionamento.\">\n\t\t\t\t\t<\/a>\n\t\t\t\t\n\t\t\t\t<div class=\"latest-news__content\">\n\t\t\t\t\t<div class=\"latest-news__category-container\">\n\t\t\t\t\t\t<a href=\"https:\/\/renatalutz.com.br\/index.php\/category\/relacionamento\/\" rel=\"category tag\">Relacionamento<\/a>, <a href=\"https:\/\/renatalutz.com.br\/index.php\/category\/terapia-de-casal\/\" rel=\"category tag\">Terapia de Casal<\/a>\t\t\t\t\t<\/div>\n\t\t\t\t\t<h2 class=\"latest-news__title\"><a href=\"https:\/\/renatalutz.com.br\/index.php\/2025\/03\/21\/a-terapia-de-casal-pode-fazer-toda-a-diferenca-no-seu-relacionamento\/\">A Terapia de Casal pode fazer toda a diferen\u00e7a no seu relacionamento.<\/a><\/h2>\n\t\t\t\t\t<p class=\"latest-news__excerpt\">\n\t\t\t\t\t\tA terapia de casal \u00e9 uma ferramenta essencial para fortalecer os v\u00ednculos afetivos e promover o bem-estar emocional entre parceiros.&hellip;\t\t\t\t\t<\/p>\n\t\t\t\t\t\t\t\t\t\t\t<div class=\"latest-news__tags-container\">\n\t\t\t\t\t\t\t\t\t\t\t\t\t\t\t<a class=\"latest-news__tag\" href=\"https:\/\/renatalutz.com.br\/index.php\/tag\/brigadecasal\/\">#brigadecasal<\/a>\n\t\t\t\t\t\t\t\t\t\t\t\t\t\t\t<a class=\"latest-news__tag\" href=\"https:\/\/renatalutz.com.br\/index.php\/tag\/ciumes-2\/\">#ci\u00fames<\/a>\n\t\t\t\t\t\t\t\t\t\t\t\t\t\t\t<a class=\"latest-news__tag\" href=\"https:\/\/renatalutz.com.br\/index.php\/tag\/narcisista\/\">#narcisista<\/a>\n\t\t\t\t\t\t\t\t\t\t\t\t\t\t\t<a class=\"latest-news__tag\" href=\"https:\/\/renatalutz.com.br\/index.php\/tag\/relacionamento-2\/\">#relacionamento<\/a>\n\t\t\t\t\t\t\t\t\t\t\t\t\t\t\t<a class=\"latest-news__tag\" href=\"https:\/\/renatalutz.com.br\/index.php\/tag\/relacionamentosaudavel\/\">#relacionamentosaudavel<\/a>\n\t\t\t\t\t\t\t\t\t\t\t\t\t\t\t<a class=\"latest-news__tag\" href=\"https:\/\/renatalutz.com.br\/index.php\/tag\/renatalutzterapeuta\/\">#renatalutzterapeuta<\/a>\n\t\t\t\t\t\t\t\t\t\t\t\t\t\t\t<a class=\"latest-news__tag\" href=\"https:\/\/renatalutz.com.br\/index.php\/tag\/separacao-2\/\">#separa\u00e7\u00e3o<\/a>\n\t\t\t\t\t\t\t\t\t\t\t\t\t\t\t<a class=\"latest-news__tag\" href=\"https:\/\/renatalutz.com.br\/index.php\/tag\/terapiadecasal\/\">#terapiadecasal<\/a>\n\t\t\t\t\t\t\t\t\t\t\t\t\t\t\t<a class=\"latest-news__tag\" href=\"https:\/\/renatalutz.com.br\/index.php\/tag\/traicao-2\/\">#trai\u00e7\u00e3o<\/a>\n\t\t\t\t\t\t\t\t\t\t\t\t\t<\/div>\n\t\t\t\t\t\t\t\t\t\t\t\t\t\t<\/div>\n\t\t\t<\/div>\n\t\t\t\n<\/div><\/div><\/div><\/div><\/div>","protected":false},"excerpt":{"rendered":"<p>Sobre Mim: Renata Lutz, especialista em Terapia de Casal, Terapia Sexual e Relacionamentos Abusivos, com forma\u00e7\u00e3o Internacional em \u00a0Sexualidade Humana, dedicada a promover sa\u00fade emocional, v\u00ednculos afetivos saud\u00e1veis e uma viv\u00eancia da sexualidade com mais consci\u00eancia e liberdade. Atuo com atendimentos presenciais e online, sempre com uma abordagem humana, acolhedora e sem julgamentos, aliando o &hellip;<\/p>\n","protected":false},"author":1,"featured_media":1330,"parent":112,"menu_order":0,"comment_status":"closed","ping_status":"closed","template":"","meta":{"_acf_changed":false,"_joinchat":[],"footnotes":""},"class_list":{"0":"post-285","1":"page","2":"type-page","3":"status-publish","4":"has-post-thumbnail","6":"clearfix","7":"article"},"acf":[],"_links":{"self":[{"href":"https:\/\/renatalutz.com.br\/index.php\/wp-json\/wp\/v2\/pages\/285","targetHints":{"allow":["GET"]}}],"collection":[{"href":"https:\/\/renatalutz.com.br\/index.php\/wp-json\/wp\/v2\/pages"}],"about":[{"href":"https:\/\/renatalutz.com.br\/index.php\/wp-json\/wp\/v2\/types\/page"}],"author":[{"embeddable":true,"href":"https:\/\/renatalutz.com.br\/index.php\/wp-json\/wp\/v2\/users\/1"}],"replies":[{"embeddable":true,"href":"https:\/\/renatalutz.com.br\/index.php\/wp-json\/wp\/v2\/comments?post=285"}],"version-history":[{"count":52,"href":"https:\/\/renatalutz.com.br\/index.php\/wp-json\/wp\/v2\/pages\/285\/revisions"}],"predecessor-version":[{"id":983,"href":"https:\/\/renatalutz.com.br\/index.php\/wp-json\/wp\/v2\/pages\/285\/revisions\/983"}],"up":[{"embeddable":true,"href":"https:\/\/renatalutz.com.br\/index.php\/wp-json\/wp\/v2\/pages\/112"}],"wp:featuredmedia":[{"embeddable":true,"href":"https:\/\/renatalutz.com.br\/index.php\/wp-json\/wp\/v2\/media\/1330"}],"wp:attachment":[{"href":"https:\/\/renatalutz.com.br\/index.php\/wp-json\/wp\/v2\/media?parent=285"}],"curies":[{"name":"wp","href":"https:\/\/api.w.org\/{rel}","templated":true}]}}