{"id":151,"date":"2017-02-16T11:28:39","date_gmt":"2017-02-16T11:28:39","guid":{"rendered":"https:\/\/xml-io.proteusthemes.com\/medicpress\/?page_id=151"},"modified":"2022-06-20T20:25:07","modified_gmt":"2022-06-20T23:25:07","slug":"terapia-sexual","status":"publish","type":"page","link":"https:\/\/renatalutz.com.br\/index.php\/departments\/terapia-sexual\/","title":{"rendered":"Terapia Sexual"},"content":{"rendered":"<div id=\"pl-151\"  class=\"panel-layout\" ><div id=\"pg-151-0\"  class=\"panel-grid panel-no-style\" ><div id=\"pgc-151-0-0\"  class=\"panel-grid-cell\" ><div id=\"panel-151-0-0-0\" class=\"so-panel widget widget_sow-editor panel-first-child panel-last-child\" data-index=\"0\" ><div\n\t\t\t\n\t\t\tclass=\"so-widget-sow-editor so-widget-sow-editor-base\"\n\t\t\t\n\t\t>\n<div class=\"siteorigin-widget-tinymce textwidget\">\n\t<h3>Terapia Sexual<\/h3>\n<p>Muita gente acredita que a terapia sexual s\u00f3 aborda sexo, e segundo a defini\u00e7\u00e3o de sexualidade da OMS \u2013 Organiza\u00e7\u00e3o Mundial de Sa\u00fade, a sexualidade aborda as rela\u00e7\u00f5es como um todo, e o bem estar sexual \u00e9 parte fundamental da sa\u00fade.<\/p>\n<p>O processo terap\u00eautico pode ocorrer individualmente ou em casal, \u00e9 importante deixar claro que mesmo sem estar em um relacionamento podemos tratar as disfun\u00e7\u00f5es sexuais.<\/p>\n<p>Na terapia sexual todo o trabalho \u00e9 desenvolvido com base nos aspectos psicol\u00f3gico, fisiol\u00f3gico e social. Por isso em alguns casos trabalho em conjunto o m\u00e9dico ginecologista, urologista ou fisioterapeuta p\u00e9lvico.<\/p>\n<p>\u00c9 comum que os casos relacionados a sexualidade sejam tratados de forma inadequada ou sem muita relev\u00e2ncia e isso pode agravar casos de disfun\u00e7\u00e3o sexual<\/p>\n<p>Principais disfun\u00e7\u00f5es sexuais masculinas:<\/p>\n<ul>\n<li>Ejacula\u00e7\u00e3o r\u00e1pida ou precoce<\/li>\n<li>Disfun\u00e7\u00e3o Er\u00e9til<\/li>\n<li>Ejacula\u00e7\u00e3o Retardada<\/li>\n<li>Anorgasmia<\/li>\n<li>Falta de desejo<\/li>\n<\/ul>\n<p>&nbsp;<\/p>\n<p>Principais disfun\u00e7\u00f5es sexuais femininas:<\/p>\n<ul>\n<li>Falta de desejo<\/li>\n<li>Vaginismo<\/li>\n<li>Dispareunia ou Dor na rela\u00e7\u00e3o<\/li>\n<li>Anorgasmia<\/li>\n<li>Vulvod\u00ednea<\/li>\n<\/ul>\n<p>&nbsp;<\/p>\n<p>\u00c9 considerada uma terapia breve, pois os atendimentos s\u00e3o focados em trazer uma melhora sexual, trabalhando o autoconhecimento e as t\u00e9cnicas gerais com base na Terapia cognitivo comportamental. Os profissionais que podem atender como terapeutas sexuais s\u00e3o: m\u00e9dicos, psic\u00f3logos com especializa\u00e7\u00e3o em sexualidade ou especialistas em sexualidade com p\u00f3s gradua\u00e7\u00e3o.<\/p>\n<p>&nbsp;<\/p>\n<p>&nbsp;<\/p>\n<\/div>\n<\/div><\/div><\/div><\/div><div id=\"pg-151-1\"  class=\"panel-grid panel-no-style\" ><div id=\"pgc-151-1-0\"  class=\"panel-grid-cell panel-grid-cell-mobile-last\" ><div id=\"panel-151-1-0-0\" class=\"so-panel widget widget_sow-editor panel-first-child panel-last-child\" data-index=\"1\" ><div\n\t\t\t\n\t\t\tclass=\"so-widget-sow-editor so-widget-sow-editor-base\"\n\t\t\t\n\t\t>\n<div class=\"siteorigin-widget-tinymce textwidget\">\n\t<p><img loading=\"lazy\" decoding=\"async\" class=\"alignnone size-medium wp-image-1179\" src=\"http:\/\/renatalutz.com.br\/wp-content\/uploads\/2021\/11\/Copia-de-TerapiaSexualSite-1920-x-680-px-300x106.png\" alt=\"\" width=\"300\" height=\"106\" srcset=\"https:\/\/renatalutz.com.br\/wp-content\/uploads\/2021\/11\/Copia-de-TerapiaSexualSite-1920-x-680-px-300x106.png 300w, https:\/\/renatalutz.com.br\/wp-content\/uploads\/2021\/11\/Copia-de-TerapiaSexualSite-1920-x-680-px-1024x363.png 1024w, https:\/\/renatalutz.com.br\/wp-content\/uploads\/2021\/11\/Copia-de-TerapiaSexualSite-1920-x-680-px-768x272.png 768w, https:\/\/renatalutz.com.br\/wp-content\/uploads\/2021\/11\/Copia-de-TerapiaSexualSite-1920-x-680-px-1536x544.png 1536w, https:\/\/renatalutz.com.br\/wp-content\/uploads\/2021\/11\/Copia-de-TerapiaSexualSite-1920-x-680-px.png 1920w, https:\/\/renatalutz.com.br\/wp-content\/uploads\/2021\/11\/Copia-de-TerapiaSexualSite-1920-x-680-px-960x340.png 960w, https:\/\/renatalutz.com.br\/wp-content\/uploads\/2021\/11\/Copia-de-TerapiaSexualSite-1920-x-680-px-480x170.png 480w\" sizes=\"auto, (max-width: 300px) 100vw, 300px\" \/><\/p>\n<\/div>\n<\/div><\/div><\/div><div id=\"pgc-151-1-1\"  class=\"panel-grid-cell panel-grid-cell-empty\" ><\/div><\/div><div id=\"pg-151-2\"  class=\"panel-grid panel-no-style\" ><div id=\"pgc-151-2-0\"  class=\"panel-grid-cell\" ><div id=\"panel-151-2-0-0\" class=\"so-panel widget widget_sow-editor panel-first-child panel-last-child\" data-index=\"2\" ><div\n\t\t\t\n\t\t\tclass=\"so-widget-sow-editor so-widget-sow-editor-base\"\n\t\t\t\n\t\t>\n<div class=\"siteorigin-widget-tinymce textwidget\">\n\t<h4 style=\"text-align: left;\">Agendamento Online<\/h4>\n<\/div>\n<\/div><\/div><\/div><\/div><div id=\"pg-151-3\"  class=\"panel-grid panel-no-style\" ><div id=\"pgc-151-3-0\"  class=\"panel-grid-cell panel-grid-cell-empty\" ><\/div><div id=\"pgc-151-3-1\"  class=\"panel-grid-cell panel-grid-cell-empty panel-grid-cell-mobile-last\" ><\/div><div id=\"pgc-151-3-2\"  class=\"panel-grid-cell panel-grid-cell-empty\" ><\/div><\/div><div id=\"pg-151-4\"  class=\"panel-grid panel-has-style\" ><div class=\"panel-row-style panel-row-style-for-151-4\" ><div id=\"pgc-151-4-0\"  class=\"panel-grid-cell\" ><div id=\"panel-151-4-0-0\" class=\"so-panel widget widget_pw_call_to_action widget-call-to-action panel-first-child panel-last-child\" data-index=\"3\" ><div class=\"panel-widget-style panel-widget-style-for-151-4-0-0\" >\t\t\t\t<div class=\"call-to-action\">\n\t\t\t\t\t<div class=\"call-to-action__text\">\n\t\t\t\t\t\t<h2 class=\"call-to-action__title\">\n\t\t\t\t\t\t\tAgende uma consulta\t\t\t\t\t\t<\/h2>\n\t\t\t\t\t\t\t\t\t\t\t\t<p class=\"call-to-action__subtitle\">\n\t\t\t\t\t\t\tSelecione a especialidade\t\t\t\t\t\t<\/p>\n\t\t\t\t\t\t\t\t\t\t\t<\/div>\n\t\t\t\t\t<div class=\"call-to-action__button\">\n\t\t\t\t\t\t<a class=\"btn  btn-secondary\" href=\"https:\/\/api.whatsapp.com\/send?phone=5511999190979\" target=\"_self\"> Whatsapp<\/a>\t\t\t\t\t<\/div>\n\t\t\t\t<\/div>\n\t\t\t<\/div><\/div><\/div><\/div><\/div><div id=\"pg-151-5\"  class=\"panel-grid panel-no-style\" ><div id=\"pgc-151-5-0\"  class=\"panel-grid-cell panel-grid-cell-empty\" ><\/div><\/div><\/div>","protected":false},"excerpt":{"rendered":"<p>Terapia Sexual Muita gente acredita que a terapia sexual s\u00f3 aborda sexo, e segundo a defini\u00e7\u00e3o de sexualidade da OMS \u2013 Organiza\u00e7\u00e3o Mundial de Sa\u00fade, a sexualidade aborda as rela\u00e7\u00f5es como um todo, e o bem estar sexual \u00e9 parte fundamental da sa\u00fade. O processo terap\u00eautico pode ocorrer individualmente ou em casal, \u00e9 importante deixar &hellip;<\/p>\n","protected":false},"author":1,"featured_media":1166,"parent":116,"menu_order":0,"comment_status":"closed","ping_status":"closed","template":"","meta":{"_acf_changed":false,"_joinchat":[],"footnotes":""},"class_list":{"0":"post-151","1":"page","2":"type-page","3":"status-publish","4":"has-post-thumbnail","6":"clearfix","7":"article"},"acf":[],"_links":{"self":[{"href":"https:\/\/renatalutz.com.br\/index.php\/wp-json\/wp\/v2\/pages\/151","targetHints":{"allow":["GET"]}}],"collection":[{"href":"https:\/\/renatalutz.com.br\/index.php\/wp-json\/wp\/v2\/pages"}],"about":[{"href":"https:\/\/renatalutz.com.br\/index.php\/wp-json\/wp\/v2\/types\/page"}],"author":[{"embeddable":true,"href":"https:\/\/renatalutz.com.br\/index.php\/wp-json\/wp\/v2\/users\/1"}],"replies":[{"embeddable":true,"href":"https:\/\/renatalutz.com.br\/index.php\/wp-json\/wp\/v2\/comments?post=151"}],"version-history":[{"count":12,"href":"https:\/\/renatalutz.com.br\/index.php\/wp-json\/wp\/v2\/pages\/151\/revisions"}],"predecessor-version":[{"id":1312,"href":"https:\/\/renatalutz.com.br\/index.php\/wp-json\/wp\/v2\/pages\/151\/revisions\/1312"}],"up":[{"embeddable":true,"href":"https:\/\/renatalutz.com.br\/index.php\/wp-json\/wp\/v2\/pages\/116"}],"wp:featuredmedia":[{"embeddable":true,"href":"https:\/\/renatalutz.com.br\/index.php\/wp-json\/wp\/v2\/media\/1166"}],"wp:attachment":[{"href":"https:\/\/renatalutz.com.br\/index.php\/wp-json\/wp\/v2\/media?parent=151"}],"curies":[{"name":"wp","href":"https:\/\/api.w.org\/{rel}","templated":true}]}}